{"id":150,"date":"2021-07-20T10:32:15","date_gmt":"2021-07-20T08:32:15","guid":{"rendered":"http:\/\/prdgielniow.pl\/?page_id=150"},"modified":"2021-09-19T13:02:03","modified_gmt":"2021-09-19T11:02:03","slug":"elementor-150","status":"publish","type":"page","link":"https:\/\/prdgielniow.pl\/?page_id=150","title":{"rendered":"Laboratorium"},"content":{"rendered":"\t\t<div data-elementor-type=\"wp-page\" data-elementor-id=\"150\" class=\"elementor elementor-150\" data-elementor-settings=\"[]\">\n\t\t\t\t\t\t\t<div class=\"elementor-section-wrap\">\n\t\t\t\t\t\t\t<section class=\"elementor-section elementor-top-section elementor-element elementor-element-91d2ebf elementor-section-boxed elementor-section-height-default elementor-section-height-default\" data-id=\"91d2ebf\" data-element_type=\"section\">\n\t\t\t\t\t\t<div class=\"elementor-container elementor-column-gap-default\">\n\t\t\t\t\t<div class=\"elementor-column elementor-col-100 elementor-top-column elementor-element elementor-element-8d50a22\" data-id=\"8d50a22\" data-element_type=\"column\">\n\t\t\t<div class=\"elementor-widget-wrap elementor-element-populated\">\n\t\t\t\t\t\t\t\t<div class=\"elementor-element elementor-element-fb95864 elementor-widget elementor-widget-spacer\" data-id=\"fb95864\" data-element_type=\"widget\" data-widget_type=\"spacer.default\">\n\t\t\t\t<div class=\"elementor-widget-container\">\n\t\t\t\t\t<div class=\"elementor-spacer\">\n\t\t\t<div class=\"elementor-spacer-inner\"><\/div>\n\t\t<\/div>\n\t\t\t\t<\/div>\n\t\t\t\t<\/div>\n\t\t\t\t\t<\/div>\n\t\t<\/div>\n\t\t\t\t\t\t\t<\/div>\n\t\t<\/section>\n\t\t\t\t<section class=\"elementor-section elementor-top-section elementor-element elementor-element-857951b elementor-section-boxed elementor-section-height-default elementor-section-height-default\" data-id=\"857951b\" data-element_type=\"section\">\n\t\t\t\t\t\t<div class=\"elementor-container elementor-column-gap-default\">\n\t\t\t\t\t<div class=\"elementor-column elementor-col-100 elementor-top-column elementor-element elementor-element-739ad11\" data-id=\"739ad11\" data-element_type=\"column\">\n\t\t\t<div class=\"elementor-widget-wrap elementor-element-populated\">\n\t\t\t\t\t\t\t\t<div class=\"elementor-element elementor-element-0d69b48 elementor-widget elementor-widget-heading\" data-id=\"0d69b48\" data-element_type=\"widget\" data-widget_type=\"heading.default\">\n\t\t\t\t<div class=\"elementor-widget-container\">\n\t\t\t<h2 class=\"elementor-heading-title elementor-size-default\">Laboratorium<\/h2>\t\t<\/div>\n\t\t\t\t<\/div>\n\t\t\t\t\t<\/div>\n\t\t<\/div>\n\t\t\t\t\t\t\t<\/div>\n\t\t<\/section>\n\t\t\t\t<section class=\"elementor-section elementor-top-section elementor-element elementor-element-56e3508 elementor-section-boxed elementor-section-height-default elementor-section-height-default\" data-id=\"56e3508\" data-element_type=\"section\">\n\t\t\t\t\t\t<div class=\"elementor-container elementor-column-gap-default\">\n\t\t\t\t\t<div class=\"elementor-column elementor-col-100 elementor-top-column elementor-element elementor-element-1284754\" data-id=\"1284754\" data-element_type=\"column\">\n\t\t\t<div class=\"elementor-widget-wrap elementor-element-populated\">\n\t\t\t\t\t\t\t\t<div class=\"elementor-element elementor-element-5a83e89 elementor-widget elementor-widget-spacer\" data-id=\"5a83e89\" data-element_type=\"widget\" data-widget_type=\"spacer.default\">\n\t\t\t\t<div class=\"elementor-widget-container\">\n\t\t\t\t\t<div class=\"elementor-spacer\">\n\t\t\t<div class=\"elementor-spacer-inner\"><\/div>\n\t\t<\/div>\n\t\t\t\t<\/div>\n\t\t\t\t<\/div>\n\t\t\t\t<div class=\"elementor-element elementor-element-10091af elementor-invisible elementor-widget elementor-widget-text-editor\" data-id=\"10091af\" data-element_type=\"widget\" data-settings=\"{&quot;_animation&quot;:&quot;pulse&quot;}\" data-widget_type=\"text-editor.default\">\n\t\t\t\t<div class=\"elementor-widget-container\">\n\t\t\t\t\t\t\t\t<h6>Laboratorium Drogowe w Przedsi\u0119biorstwie Rob\u00f3t Drogowych Zask\u00f3rski i Wsp\u00f3lnicy\u00a0 Sp. z o.o. wykonuje badania grunt\u00f3w, kruszyw, mieszanki mineralno \u2013 asfaltowej oraz nawierzchni w zakresie obs\u0142ugi wykonywanych przez firm\u0119 rob\u00f3t drogowych.<\/h6><h6><span>Laboratorium zapewni kompleksow\u0105 obs\u0142ug\u0119 dla wszystkich asortyment\u00f3w rob\u00f3t zgodnie z wymogami kontraktu, tj.:<\/span><\/h6><ul><li><h6><span> <\/span><span>roboty ziemne (badania przydatno\u015bci materia\u0142\u00f3w, bie\u017c\u0105ca kontrola w trakcie wbudowywania)<\/span><\/h6><\/li><li><h6><span> <\/span><span>warstwa ods\u0105czaj\u0105ca<\/span><\/h6><\/li><li><h6><span> <\/span><span>grunty stabilizowane wapnem lub cementem<\/span><\/h6><\/li><li><h6><span> <\/span><span>podbudowy z kruszywa stabilizowanego mechanicznie<\/span><\/h6><\/li><li><h6><span> <\/span><span>materia\u0142y wsadowe do mieszanek mineralno-bitumicznych<\/span><\/h6><\/li><li><h6><span> <\/span><span>mieszanki mineralno \u2013 bitumiczne<\/span><\/h6><\/li><\/ul><h6>Wykonujemy badania grunt\u00f3w, klasyfikacj\u0119 oraz przydatno\u015b\u0107 do zag\u0119szcze\u0144. W\u00a0tym celu wykonywane jest m.in. badanie Proctora. Grunt analizowany jest pod k\u0105tem wska\u017anika piaskowego, wska\u017anika r\u00f3\u017cnoziarnisto\u015bci, wsp\u00f3\u0142czynnika filtracji, wska\u017anik zag\u0119szczenia oraz analizy sitowej.<\/h6><h6>W laboratorium drogowym badane s\u0105 kruszywa, kt\u00f3re przeznaczone s\u0105 do budowy dr\u00f3g. Wykonujemy analiz\u0119 sitow\u0105, zawarto\u015b\u0107 ziarn nieforemnych, badanie g\u0119sto\u015bci oraz nasi\u0105kliwo\u015bci. Wykonan\u0105 podbudow\u0119 z kruszyw stabilizowanych mechanicznie kontrolujemy badaj\u0105c\u00a0 jej no\u015bno\u015b\u0107.<\/h6><h6>Zakres bada\u0144 obejmuje r\u00f3wnie\u017c\u00a0projektowanie\u00a0mieszanek mineralno-asfaltowych (badanie typu) a tak\u017ce analizy sk\u0142adu i badanie g\u0119sto\u015bci, w zakresie Zak\u0142adowej Kontroli Produkcji. Jest to system zapewniaj\u0105cy dba\u0142o\u015b\u0107 o jako\u015b\u0107 i zgodno\u015b\u0107 produkowanych mieszanek mineralno \u2013 asfaltowych z recepturami.<\/h6><h6>Wykonywane s\u0105 te\u017c analizy niezb\u0119dne do diagnostyki nawierzchni: wska\u017anik zag\u0119szczenia oraz zawarto\u015b\u0107 wolnych przestrzeni.<\/h6>\t\t\t\t\t\t<\/div>\n\t\t\t\t<\/div>\n\t\t\t\t<div class=\"elementor-element elementor-element-c08c41b elementor-widget elementor-widget-spacer\" data-id=\"c08c41b\" data-element_type=\"widget\" data-widget_type=\"spacer.default\">\n\t\t\t\t<div class=\"elementor-widget-container\">\n\t\t\t\t\t<div class=\"elementor-spacer\">\n\t\t\t<div class=\"elementor-spacer-inner\"><\/div>\n\t\t<\/div>\n\t\t\t\t<\/div>\n\t\t\t\t<\/div>\n\t\t\t\t\t<\/div>\n\t\t<\/div>\n\t\t\t\t\t\t\t<\/div>\n\t\t<\/section>\n\t\t\t\t\t\t<\/div>\n\t\t\t\t\t<\/div>\n\t\t","protected":false},"excerpt":{"rendered":"<p>Laboratorium Laboratorium Drogowe w Przedsi\u0119biorstwie Rob\u00f3t Drogowych Zask\u00f3rski i Wsp\u00f3lnicy\u00a0 Sp. z o.o. wykonuje badania grunt\u00f3w, kruszyw, mieszanki mineralno \u2013 asfaltowej oraz nawierzchni w zakresie obs\u0142ugi wykonywanych przez firm\u0119 rob\u00f3t drogowych. Laboratorium zapewni kompleksow\u0105 obs\u0142ug\u0119 dla wszystkich asortyment\u00f3w rob\u00f3t zgodnie z wymogami kontraktu, tj.: roboty ziemne (badania przydatno\u015bci materia\u0142\u00f3w, bie\u017c\u0105ca [&hellip;]<\/p>\n","protected":false},"author":1,"featured_media":0,"parent":0,"menu_order":0,"comment_status":"closed","ping_status":"closed","template":"page-templates\/template-pagebuilder-full-width.php","meta":{"footnotes":""},"class_list":["post-150","page","type-page","status-publish","hentry"],"_links":{"self":[{"href":"https:\/\/prdgielniow.pl\/index.php?rest_route=\/wp\/v2\/pages\/150","targetHints":{"allow":["GET"]}}],"collection":[{"href":"https:\/\/prdgielniow.pl\/index.php?rest_route=\/wp\/v2\/pages"}],"about":[{"href":"https:\/\/prdgielniow.pl\/index.php?rest_route=\/wp\/v2\/types\/page"}],"author":[{"embeddable":true,"href":"https:\/\/prdgielniow.pl\/index.php?rest_route=\/wp\/v2\/users\/1"}],"replies":[{"embeddable":true,"href":"https:\/\/prdgielniow.pl\/index.php?rest_route=%2Fwp%2Fv2%2Fcomments&post=150"}],"version-history":[{"count":24,"href":"https:\/\/prdgielniow.pl\/index.php?rest_route=\/wp\/v2\/pages\/150\/revisions"}],"predecessor-version":[{"id":395,"href":"https:\/\/prdgielniow.pl\/index.php?rest_route=\/wp\/v2\/pages\/150\/revisions\/395"}],"wp:attachment":[{"href":"https:\/\/prdgielniow.pl\/index.php?rest_route=%2Fwp%2Fv2%2Fmedia&parent=150"}],"curies":[{"name":"wp","href":"https:\/\/api.w.org\/{rel}","templated":true}]}}