{"id":112,"date":"2021-07-20T10:01:41","date_gmt":"2021-07-20T08:01:41","guid":{"rendered":"http:\/\/prdgielniow.pl\/?page_id=112"},"modified":"2021-09-19T13:04:10","modified_gmt":"2021-09-19T11:04:10","slug":"o-firmie","status":"publish","type":"page","link":"https:\/\/prdgielniow.pl\/?page_id=112","title":{"rendered":"O Firmie"},"content":{"rendered":"\t\t<div data-elementor-type=\"wp-page\" data-elementor-id=\"112\" class=\"elementor elementor-112\" data-elementor-settings=\"[]\">\n\t\t\t\t\t\t\t<div class=\"elementor-section-wrap\">\n\t\t\t\t\t\t\t<section class=\"elementor-section elementor-top-section elementor-element elementor-element-807cfab elementor-section-boxed elementor-section-height-default elementor-section-height-default\" data-id=\"807cfab\" data-element_type=\"section\">\n\t\t\t\t\t\t<div class=\"elementor-container elementor-column-gap-default\">\n\t\t\t\t\t<div class=\"elementor-column elementor-col-100 elementor-top-column elementor-element elementor-element-3c52b01\" data-id=\"3c52b01\" data-element_type=\"column\">\n\t\t\t<div class=\"elementor-widget-wrap elementor-element-populated\">\n\t\t\t\t\t\t\t\t<div class=\"elementor-element elementor-element-640786f elementor-invisible elementor-widget elementor-widget-heading\" data-id=\"640786f\" data-element_type=\"widget\" data-settings=\"{&quot;_animation&quot;:&quot;rotateInUpRight&quot;}\" data-widget_type=\"heading.default\">\n\t\t\t\t<div class=\"elementor-widget-container\">\n\t\t\t<h1 class=\"elementor-heading-title elementor-size-default\">O Firmie<\/h1>\t\t<\/div>\n\t\t\t\t<\/div>\n\t\t\t\t\t<\/div>\n\t\t<\/div>\n\t\t\t\t\t\t\t<\/div>\n\t\t<\/section>\n\t\t\t\t<section class=\"elementor-section elementor-top-section elementor-element elementor-element-5347438 elementor-section-boxed elementor-section-height-default elementor-section-height-default\" data-id=\"5347438\" data-element_type=\"section\">\n\t\t\t\t\t\t<div class=\"elementor-container elementor-column-gap-default\">\n\t\t\t\t\t<div class=\"elementor-column elementor-col-100 elementor-top-column elementor-element elementor-element-58148e8\" data-id=\"58148e8\" data-element_type=\"column\">\n\t\t\t<div class=\"elementor-widget-wrap elementor-element-populated\">\n\t\t\t\t\t\t\t\t<div class=\"elementor-element elementor-element-c0f2c68 elementor-invisible elementor-widget elementor-widget-text-editor\" data-id=\"c0f2c68\" data-element_type=\"widget\" data-settings=\"{&quot;_animation&quot;:&quot;flash&quot;}\" data-widget_type=\"text-editor.default\">\n\t\t\t\t<div class=\"elementor-widget-container\">\n\t\t\t\t\t\t\t\t<p>Przedsi\u0119biorstwo Rob\u00f3t Drogowych Zask\u00f3rski i Wsp\u00f3lnicy Sp. z o.o. w Gielniowie dzia\u0142a od 01.07.2000 roku w wyniku prywatyzacji<\/p><p>poprzez leasing pracowniczy przedsi\u0119biorstwa pa\u0144stwowego o nazwie: Przedsi\u0119biorstwo Rob\u00f3t Drogowych w Przysusze.<\/p><p>Przedsi\u0119biorstwo Rob\u00f3t Drogowych w Przysusze z kolei powsta\u0142o 01.01.1992 r. w wyniku podzia\u0142u Rejonu Dr\u00f3g Publicznych w Przysusze, kt\u00f3ry utworzony zosta\u0142 01.01.1976 r.<\/p><p>z dotychczas istniej\u0105cego Powiatowego Zarz\u0105du Dr\u00f3g Lokalnych.<\/p>\t\t\t\t\t\t<\/div>\n\t\t\t\t<\/div>\n\t\t\t\t<div class=\"elementor-element elementor-element-b9ff8e0 elementor-widget elementor-widget-spacer\" data-id=\"b9ff8e0\" data-element_type=\"widget\" data-widget_type=\"spacer.default\">\n\t\t\t\t<div class=\"elementor-widget-container\">\n\t\t\t\t\t<div class=\"elementor-spacer\">\n\t\t\t<div class=\"elementor-spacer-inner\"><\/div>\n\t\t<\/div>\n\t\t\t\t<\/div>\n\t\t\t\t<\/div>\n\t\t\t\t<div class=\"elementor-element elementor-element-8fef077 elementor-widget elementor-widget-image-gallery\" data-id=\"8fef077\" data-element_type=\"widget\" data-widget_type=\"image-gallery.default\">\n\t\t\t\t<div class=\"elementor-widget-container\">\n\t\t\t\t\t<div class=\"elementor-image-gallery\">\n\t\t\t\n\t\t<style type=\"text\/css\">\n\t\t\t#gallery-1 {\n\t\t\t\tmargin: auto;\n\t\t\t}\n\t\t\t#gallery-1 .gallery-item {\n\t\t\t\tfloat: left;\n\t\t\t\tmargin-top: 10px;\n\t\t\t\ttext-align: center;\n\t\t\t\twidth: 33%;\n\t\t\t}\n\t\t\t#gallery-1 img {\n\t\t\t\tborder: 2px solid #cfcfcf;\n\t\t\t}\n\t\t\t#gallery-1 .gallery-caption {\n\t\t\t\tmargin-left: 0;\n\t\t\t}\n\t\t\t\/* see gallery_shortcode() in wp-includes\/media.php *\/\n\t\t<\/style>\n\t\t<div id='gallery-1' class='gallery galleryid-112 gallery-columns-3 gallery-size-2048x2048'><dl class='gallery-item'>\n\t\t\t<dt class='gallery-icon landscape'>\n\t\t\t\t<a data-elementor-open-lightbox=\"yes\" data-elementor-lightbox-slideshow=\"8fef077\" data-elementor-lightbox-title=\"Budynek biurowy (przed ociepleniem)\" href='https:\/\/prdgielniow.pl\/wp-content\/uploads\/2021\/07\/Budynek-biurowy-przed-ociepleniem.jpg'><img loading=\"lazy\" decoding=\"async\" width=\"1024\" height=\"768\" src=\"https:\/\/prdgielniow.pl\/wp-content\/uploads\/2021\/07\/Budynek-biurowy-przed-ociepleniem.jpg\" class=\"attachment-2048x2048 size-2048x2048\" alt=\"\" srcset=\"https:\/\/prdgielniow.pl\/wp-content\/uploads\/2021\/07\/Budynek-biurowy-przed-ociepleniem.jpg 1024w, https:\/\/prdgielniow.pl\/wp-content\/uploads\/2021\/07\/Budynek-biurowy-przed-ociepleniem-300x225.jpg 300w, https:\/\/prdgielniow.pl\/wp-content\/uploads\/2021\/07\/Budynek-biurowy-przed-ociepleniem-768x576.jpg 768w\" sizes=\"auto, (max-width: 1024px) 100vw, 1024px\" \/><\/a>\n\t\t\t<\/dt><\/dl><dl class='gallery-item'>\n\t\t\t<dt class='gallery-icon landscape'>\n\t\t\t\t<a data-elementor-open-lightbox=\"yes\" data-elementor-lightbox-slideshow=\"8fef077\" data-elementor-lightbox-title=\"IMG20210622094501\" href='https:\/\/prdgielniow.pl\/wp-content\/uploads\/2021\/09\/IMG20210622094501-scaled.jpg'><img loading=\"lazy\" decoding=\"async\" width=\"2048\" height=\"1536\" src=\"https:\/\/prdgielniow.pl\/wp-content\/uploads\/2021\/09\/IMG20210622094501-2048x1536.jpg\" class=\"attachment-2048x2048 size-2048x2048\" alt=\"\" srcset=\"https:\/\/prdgielniow.pl\/wp-content\/uploads\/2021\/09\/IMG20210622094501-2048x1536.jpg 2048w, https:\/\/prdgielniow.pl\/wp-content\/uploads\/2021\/09\/IMG20210622094501-300x225.jpg 300w, https:\/\/prdgielniow.pl\/wp-content\/uploads\/2021\/09\/IMG20210622094501-1024x768.jpg 1024w, https:\/\/prdgielniow.pl\/wp-content\/uploads\/2021\/09\/IMG20210622094501-768x576.jpg 768w, https:\/\/prdgielniow.pl\/wp-content\/uploads\/2021\/09\/IMG20210622094501-1536x1152.jpg 1536w\" sizes=\"auto, (max-width: 2048px) 100vw, 2048px\" \/><\/a>\n\t\t\t<\/dt><\/dl><dl class='gallery-item'>\n\t\t\t<dt class='gallery-icon landscape'>\n\t\t\t\t<a data-elementor-open-lightbox=\"yes\" data-elementor-lightbox-slideshow=\"8fef077\" data-elementor-lightbox-title=\"IMG20210622094434\" href='https:\/\/prdgielniow.pl\/wp-content\/uploads\/2021\/09\/IMG20210622094434-2-scaled.jpg'><img loading=\"lazy\" decoding=\"async\" width=\"2048\" height=\"1536\" src=\"https:\/\/prdgielniow.pl\/wp-content\/uploads\/2021\/09\/IMG20210622094434-2-2048x1536.jpg\" class=\"attachment-2048x2048 size-2048x2048\" alt=\"\" srcset=\"https:\/\/prdgielniow.pl\/wp-content\/uploads\/2021\/09\/IMG20210622094434-2-2048x1536.jpg 2048w, https:\/\/prdgielniow.pl\/wp-content\/uploads\/2021\/09\/IMG20210622094434-2-300x225.jpg 300w, https:\/\/prdgielniow.pl\/wp-content\/uploads\/2021\/09\/IMG20210622094434-2-1024x768.jpg 1024w, https:\/\/prdgielniow.pl\/wp-content\/uploads\/2021\/09\/IMG20210622094434-2-768x576.jpg 768w, https:\/\/prdgielniow.pl\/wp-content\/uploads\/2021\/09\/IMG20210622094434-2-1536x1152.jpg 1536w\" sizes=\"auto, (max-width: 2048px) 100vw, 2048px\" \/><\/a>\n\t\t\t<\/dt><\/dl><br style=\"clear: both\" \/>\n\t\t<\/div>\n\t\t<\/div>\n\t\t\t\t<\/div>\n\t\t\t\t<\/div>\n\t\t\t\t\t<\/div>\n\t\t<\/div>\n\t\t\t\t\t\t\t<\/div>\n\t\t<\/section>\n\t\t\t\t<section class=\"elementor-section elementor-top-section elementor-element elementor-element-d0157b3 elementor-section-boxed elementor-section-height-default elementor-section-height-default\" data-id=\"d0157b3\" data-element_type=\"section\">\n\t\t\t\t\t\t<div class=\"elementor-container elementor-column-gap-default\">\n\t\t\t\t\t<div class=\"elementor-column elementor-col-100 elementor-top-column elementor-element elementor-element-64f687b\" data-id=\"64f687b\" data-element_type=\"column\">\n\t\t\t<div class=\"elementor-widget-wrap elementor-element-populated\">\n\t\t\t\t\t\t\t\t<div class=\"elementor-element elementor-element-ff4140c elementor-widget elementor-widget-image-gallery\" data-id=\"ff4140c\" data-element_type=\"widget\" data-widget_type=\"image-gallery.default\">\n\t\t\t\t<div class=\"elementor-widget-container\">\n\t\t\t\t\t<div class=\"elementor-image-gallery\">\n\t\t\t\n\t\t<style type=\"text\/css\">\n\t\t\t#gallery-2 {\n\t\t\t\tmargin: auto;\n\t\t\t}\n\t\t\t#gallery-2 .gallery-item {\n\t\t\t\tfloat: left;\n\t\t\t\tmargin-top: 10px;\n\t\t\t\ttext-align: center;\n\t\t\t\twidth: 33%;\n\t\t\t}\n\t\t\t#gallery-2 img {\n\t\t\t\tborder: 2px solid #cfcfcf;\n\t\t\t}\n\t\t\t#gallery-2 .gallery-caption {\n\t\t\t\tmargin-left: 0;\n\t\t\t}\n\t\t\t\/* see gallery_shortcode() in wp-includes\/media.php *\/\n\t\t<\/style>\n\t\t<div id='gallery-2' class='gallery galleryid-112 gallery-columns-3 gallery-size-2048x2048'><dl class='gallery-item'>\n\t\t\t<dt class='gallery-icon landscape'>\n\t\t\t\t<a data-elementor-open-lightbox=\"yes\" data-elementor-lightbox-slideshow=\"ff4140c\" data-elementor-lightbox-title=\"Wytw\u00f3rnia Mas Bitumicznych BERNARDI\" href='https:\/\/prdgielniow.pl\/wp-content\/uploads\/2021\/07\/Wytwornia-Mas-Bitumicznych-BERNARDI.jpg'><img loading=\"lazy\" decoding=\"async\" width=\"1024\" height=\"768\" src=\"https:\/\/prdgielniow.pl\/wp-content\/uploads\/2021\/07\/Wytwornia-Mas-Bitumicznych-BERNARDI.jpg\" class=\"attachment-2048x2048 size-2048x2048\" alt=\"\" srcset=\"https:\/\/prdgielniow.pl\/wp-content\/uploads\/2021\/07\/Wytwornia-Mas-Bitumicznych-BERNARDI.jpg 1024w, https:\/\/prdgielniow.pl\/wp-content\/uploads\/2021\/07\/Wytwornia-Mas-Bitumicznych-BERNARDI-300x225.jpg 300w, https:\/\/prdgielniow.pl\/wp-content\/uploads\/2021\/07\/Wytwornia-Mas-Bitumicznych-BERNARDI-768x576.jpg 768w\" sizes=\"auto, (max-width: 1024px) 100vw, 1024px\" \/><\/a>\n\t\t\t<\/dt><\/dl><dl class='gallery-item'>\n\t\t\t<dt class='gallery-icon landscape'>\n\t\t\t\t<a data-elementor-open-lightbox=\"yes\" data-elementor-lightbox-slideshow=\"ff4140c\" data-elementor-lightbox-title=\"IMG20210622094206\" href='https:\/\/prdgielniow.pl\/wp-content\/uploads\/2021\/08\/IMG20210622094206-scaled.jpg'><img loading=\"lazy\" decoding=\"async\" width=\"2048\" height=\"1536\" src=\"https:\/\/prdgielniow.pl\/wp-content\/uploads\/2021\/08\/IMG20210622094206-2048x1536.jpg\" class=\"attachment-2048x2048 size-2048x2048\" alt=\"\" srcset=\"https:\/\/prdgielniow.pl\/wp-content\/uploads\/2021\/08\/IMG20210622094206-2048x1536.jpg 2048w, https:\/\/prdgielniow.pl\/wp-content\/uploads\/2021\/08\/IMG20210622094206-300x225.jpg 300w, https:\/\/prdgielniow.pl\/wp-content\/uploads\/2021\/08\/IMG20210622094206-1024x768.jpg 1024w, https:\/\/prdgielniow.pl\/wp-content\/uploads\/2021\/08\/IMG20210622094206-768x576.jpg 768w, https:\/\/prdgielniow.pl\/wp-content\/uploads\/2021\/08\/IMG20210622094206-1536x1152.jpg 1536w\" sizes=\"auto, (max-width: 2048px) 100vw, 2048px\" \/><\/a>\n\t\t\t<\/dt><\/dl><dl class='gallery-item'>\n\t\t\t<dt class='gallery-icon landscape'>\n\t\t\t\t<a data-elementor-open-lightbox=\"yes\" data-elementor-lightbox-slideshow=\"ff4140c\" data-elementor-lightbox-title=\"IMG20210622093859\" href='https:\/\/prdgielniow.pl\/wp-content\/uploads\/2021\/09\/IMG20210622093859-scaled.jpg'><img loading=\"lazy\" decoding=\"async\" width=\"2048\" height=\"1536\" src=\"https:\/\/prdgielniow.pl\/wp-content\/uploads\/2021\/09\/IMG20210622093859-scaled.jpg\" class=\"attachment-2048x2048 size-2048x2048\" alt=\"\" srcset=\"https:\/\/prdgielniow.pl\/wp-content\/uploads\/2021\/09\/IMG20210622093859-scaled.jpg 2560w, https:\/\/prdgielniow.pl\/wp-content\/uploads\/2021\/09\/IMG20210622093859-300x225.jpg 300w, https:\/\/prdgielniow.pl\/wp-content\/uploads\/2021\/09\/IMG20210622093859-1024x768.jpg 1024w, https:\/\/prdgielniow.pl\/wp-content\/uploads\/2021\/09\/IMG20210622093859-768x576.jpg 768w, https:\/\/prdgielniow.pl\/wp-content\/uploads\/2021\/09\/IMG20210622093859-1536x1152.jpg 1536w\" sizes=\"auto, (max-width: 2048px) 100vw, 2048px\" \/><\/a>\n\t\t\t<\/dt><\/dl><br style=\"clear: both\" \/>\n\t\t<\/div>\n\t\t<\/div>\n\t\t\t\t<\/div>\n\t\t\t\t<\/div>\n\t\t\t\t<div class=\"elementor-element elementor-element-64e186f elementor-widget elementor-widget-image-gallery\" data-id=\"64e186f\" data-element_type=\"widget\" data-widget_type=\"image-gallery.default\">\n\t\t\t\t<div class=\"elementor-widget-container\">\n\t\t\t\t\t<div class=\"elementor-image-gallery\">\n\t\t\t\n\t\t<style type=\"text\/css\">\n\t\t\t#gallery-3 {\n\t\t\t\tmargin: auto;\n\t\t\t}\n\t\t\t#gallery-3 .gallery-item {\n\t\t\t\tfloat: left;\n\t\t\t\tmargin-top: 10px;\n\t\t\t\ttext-align: center;\n\t\t\t\twidth: 33%;\n\t\t\t}\n\t\t\t#gallery-3 img {\n\t\t\t\tborder: 2px solid #cfcfcf;\n\t\t\t}\n\t\t\t#gallery-3 .gallery-caption {\n\t\t\t\tmargin-left: 0;\n\t\t\t}\n\t\t\t\/* see gallery_shortcode() in wp-includes\/media.php *\/\n\t\t<\/style>\n\t\t<div id='gallery-3' class='gallery galleryid-112 gallery-columns-3 gallery-size-2048x2048'><dl class='gallery-item'>\n\t\t\t<dt class='gallery-icon portrait'>\n\t\t\t\t<a data-elementor-open-lightbox=\"yes\" data-elementor-lightbox-slideshow=\"64e186f\" data-elementor-lightbox-title=\"received_1025951111507140\" href='https:\/\/prdgielniow.pl\/wp-content\/uploads\/2021\/08\/received_1025951111507140.jpeg'><img loading=\"lazy\" decoding=\"async\" width=\"1536\" height=\"2048\" src=\"https:\/\/prdgielniow.pl\/wp-content\/uploads\/2021\/08\/received_1025951111507140.jpeg\" class=\"attachment-2048x2048 size-2048x2048\" alt=\"\" srcset=\"https:\/\/prdgielniow.pl\/wp-content\/uploads\/2021\/08\/received_1025951111507140.jpeg 1536w, https:\/\/prdgielniow.pl\/wp-content\/uploads\/2021\/08\/received_1025951111507140-225x300.jpeg 225w, https:\/\/prdgielniow.pl\/wp-content\/uploads\/2021\/08\/received_1025951111507140-768x1024.jpeg 768w, https:\/\/prdgielniow.pl\/wp-content\/uploads\/2021\/08\/received_1025951111507140-1152x1536.jpeg 1152w\" sizes=\"auto, (max-width: 1536px) 100vw, 1536px\" \/><\/a>\n\t\t\t<\/dt><\/dl><dl class='gallery-item'>\n\t\t\t<dt class='gallery-icon portrait'>\n\t\t\t\t<a data-elementor-open-lightbox=\"yes\" data-elementor-lightbox-slideshow=\"64e186f\" data-elementor-lightbox-title=\"received_1527491234265106\" href='https:\/\/prdgielniow.pl\/wp-content\/uploads\/2021\/08\/received_1527491234265106.jpeg'><img loading=\"lazy\" decoding=\"async\" width=\"763\" height=\"1355\" src=\"https:\/\/prdgielniow.pl\/wp-content\/uploads\/2021\/08\/received_1527491234265106.jpeg\" class=\"attachment-2048x2048 size-2048x2048\" alt=\"\" srcset=\"https:\/\/prdgielniow.pl\/wp-content\/uploads\/2021\/08\/received_1527491234265106.jpeg 763w, https:\/\/prdgielniow.pl\/wp-content\/uploads\/2021\/08\/received_1527491234265106-169x300.jpeg 169w, https:\/\/prdgielniow.pl\/wp-content\/uploads\/2021\/08\/received_1527491234265106-577x1024.jpeg 577w\" sizes=\"auto, (max-width: 763px) 100vw, 763px\" \/><\/a>\n\t\t\t<\/dt><\/dl><dl class='gallery-item'>\n\t\t\t<dt class='gallery-icon portrait'>\n\t\t\t\t<a data-elementor-open-lightbox=\"yes\" data-elementor-lightbox-slideshow=\"64e186f\" data-elementor-lightbox-title=\"received_4214760161937970\" href='https:\/\/prdgielniow.pl\/wp-content\/uploads\/2021\/08\/received_4214760161937970.jpeg'><img loading=\"lazy\" decoding=\"async\" width=\"1536\" height=\"2048\" src=\"https:\/\/prdgielniow.pl\/wp-content\/uploads\/2021\/08\/received_4214760161937970.jpeg\" class=\"attachment-2048x2048 size-2048x2048\" alt=\"\" srcset=\"https:\/\/prdgielniow.pl\/wp-content\/uploads\/2021\/08\/received_4214760161937970.jpeg 1536w, https:\/\/prdgielniow.pl\/wp-content\/uploads\/2021\/08\/received_4214760161937970-225x300.jpeg 225w, https:\/\/prdgielniow.pl\/wp-content\/uploads\/2021\/08\/received_4214760161937970-768x1024.jpeg 768w, https:\/\/prdgielniow.pl\/wp-content\/uploads\/2021\/08\/received_4214760161937970-1152x1536.jpeg 1152w\" sizes=\"auto, (max-width: 1536px) 100vw, 1536px\" \/><\/a>\n\t\t\t<\/dt><\/dl><br style=\"clear: both\" \/>\n\t\t<\/div>\n\t\t<\/div>\n\t\t\t\t<\/div>\n\t\t\t\t<\/div>\n\t\t\t\t\t<\/div>\n\t\t<\/div>\n\t\t\t\t\t\t\t<\/div>\n\t\t<\/section>\n\t\t\t\t<section class=\"elementor-section elementor-top-section elementor-element elementor-element-89b0b38 elementor-section-boxed elementor-section-height-default elementor-section-height-default\" data-id=\"89b0b38\" data-element_type=\"section\">\n\t\t\t\t\t\t<div class=\"elementor-container elementor-column-gap-default\">\n\t\t\t\t\t<div class=\"elementor-column elementor-col-100 elementor-top-column elementor-element elementor-element-cbc76ce\" data-id=\"cbc76ce\" data-element_type=\"column\">\n\t\t\t<div class=\"elementor-widget-wrap\">\n\t\t\t\t\t\t\t\t\t<\/div>\n\t\t<\/div>\n\t\t\t\t\t\t\t<\/div>\n\t\t<\/section>\n\t\t\t\t<section class=\"elementor-section elementor-top-section elementor-element elementor-element-4f07cb0 elementor-section-boxed elementor-section-height-default elementor-section-height-default\" data-id=\"4f07cb0\" data-element_type=\"section\">\n\t\t\t\t\t\t<div class=\"elementor-container elementor-column-gap-default\">\n\t\t\t\t\t<div class=\"elementor-column elementor-col-100 elementor-top-column elementor-element elementor-element-e551349\" data-id=\"e551349\" data-element_type=\"column\">\n\t\t\t<div class=\"elementor-widget-wrap\">\n\t\t\t\t\t\t\t\t\t<\/div>\n\t\t<\/div>\n\t\t\t\t\t\t\t<\/div>\n\t\t<\/section>\n\t\t\t\t\t\t<\/div>\n\t\t\t\t\t<\/div>\n\t\t","protected":false},"excerpt":{"rendered":"<p>O Firmie Przedsi\u0119biorstwo Rob\u00f3t Drogowych Zask\u00f3rski i Wsp\u00f3lnicy Sp. z o.o. w Gielniowie dzia\u0142a od 01.07.2000 roku w wyniku prywatyzacji poprzez leasing pracowniczy przedsi\u0119biorstwa pa\u0144stwowego o nazwie: Przedsi\u0119biorstwo Rob\u00f3t Drogowych w Przysusze. Przedsi\u0119biorstwo Rob\u00f3t Drogowych w Przysusze z kolei powsta\u0142o 01.01.1992 r. w wyniku podzia\u0142u Rejonu Dr\u00f3g Publicznych w Przysusze, [&hellip;]<\/p>\n","protected":false},"author":1,"featured_media":0,"parent":0,"menu_order":0,"comment_status":"closed","ping_status":"closed","template":"page-templates\/template-pagebuilder-full-width.php","meta":{"footnotes":""},"class_list":["post-112","page","type-page","status-publish","hentry"],"_links":{"self":[{"href":"https:\/\/prdgielniow.pl\/index.php?rest_route=\/wp\/v2\/pages\/112","targetHints":{"allow":["GET"]}}],"collection":[{"href":"https:\/\/prdgielniow.pl\/index.php?rest_route=\/wp\/v2\/pages"}],"about":[{"href":"https:\/\/prdgielniow.pl\/index.php?rest_route=\/wp\/v2\/types\/page"}],"author":[{"embeddable":true,"href":"https:\/\/prdgielniow.pl\/index.php?rest_route=\/wp\/v2\/users\/1"}],"replies":[{"embeddable":true,"href":"https:\/\/prdgielniow.pl\/index.php?rest_route=%2Fwp%2Fv2%2Fcomments&post=112"}],"version-history":[{"count":53,"href":"https:\/\/prdgielniow.pl\/index.php?rest_route=\/wp\/v2\/pages\/112\/revisions"}],"predecessor-version":[{"id":398,"href":"https:\/\/prdgielniow.pl\/index.php?rest_route=\/wp\/v2\/pages\/112\/revisions\/398"}],"wp:attachment":[{"href":"https:\/\/prdgielniow.pl\/index.php?rest_route=%2Fwp%2Fv2%2Fmedia&parent=112"}],"curies":[{"name":"wp","href":"https:\/\/api.w.org\/{rel}","templated":true}]}}